{"id":2845,"date":"2026-02-02T14:58:59","date_gmt":"2026-02-02T14:58:59","guid":{"rendered":"https:\/\/vastchoice.shop\/?post_type=product&#038;p=2845"},"modified":"2026-02-02T15:01:12","modified_gmt":"2026-02-02T15:01:12","slug":"portable-car-jump-starter-with-air-compressor-5000a-12v-gasoline-diesel-engine-battery-enhancer-fast-charging-usb-output-jump-box-for-car-battery","status":"publish","type":"product","link":"https:\/\/vastchoice.shop\/es\/producto\/portable-car-jump-starter-with-air-compressor-5000a-12v-gasoline-diesel-engine-battery-enhancer-fast-charging-usb-output-jump-box-for-car-battery\/","title":{"rendered":"Arrancador de Salto Port\u00e1til con Compresor de Aire, 5000A 12V Potenciador de Bater\u00eda de Motor de Gasolina y Diesel, Caja de Salto de Carga R\u00e1pida con Salida USB para Bater\u00eda de Coche"},"content":{"rendered":"<div data-elementor-type=\"product-post\" data-elementor-id=\"2845\" class=\"elementor elementor-2845\" data-elementor-post-type=\"product\">\n\t\t\t\t<div class=\"elementor-element elementor-element-644803f9 e-flex e-con-boxed e-con e-parent\" data-id=\"644803f9\" data-element_type=\"container\" data-settings=\"{&quot;ekit_has_onepagescroll_dot&quot;:&quot;yes&quot;}\">\n\t\t\t\t\t<div class=\"e-con-inner\">\n\t\t<div class=\"elementor-element elementor-element-4662e6d7 e-con-full e-flex e-con e-child\" data-id=\"4662e6d7\" data-element_type=\"container\" data-settings=\"{&quot;ekit_has_onepagescroll_dot&quot;:&quot;yes&quot;}\">\n\t\t\t\t<div class=\"elementor-element elementor-element-4852d31e elementor-widget elementor-widget-video\" data-id=\"4852d31e\" data-element_type=\"widget\" data-settings=\"{&quot;video_type&quot;:&quot;hosted&quot;,&quot;controls&quot;:&quot;yes&quot;,&quot;ekit_we_effect_on&quot;:&quot;none&quot;}\" data-widget_type=\"video.default\">\n\t\t\t\t<div class=\"elementor-widget-container\">\n\t\t\t\t\t\t\t<div class=\"e-hosted-video elementor-wrapper elementor-open-inline\">\n\t\t\t\t\t<video class=\"elementor-video\" src=\"https:\/\/vastchoice.shop\/wp-content\/plugins\/elementor\/assets\/images\/placeholder.png\" controls=\"\" preload=\"metadata\" controlslist=\"nodownload\"><\/video>\n\t\t\t\t<\/div>\n\t\t\t\t\t\t<\/div>\n\t\t\t\t<\/div>\n\t\t\t\t<\/div>\n\t\t<div class=\"elementor-element elementor-element-1d0a17dc e-con-full e-flex e-con e-child\" data-id=\"1d0a17dc\" data-element_type=\"container\" data-settings=\"{&quot;ekit_has_onepagescroll_dot&quot;:&quot;yes&quot;}\">\n\t\t\t\t<div class=\"elementor-element elementor-element-2db70349 elementor-widget elementor-widget-text-editor\" data-id=\"2db70349\" data-element_type=\"widget\" data-settings=\"{&quot;ekit_we_effect_on&quot;:&quot;none&quot;}\" data-widget_type=\"text-editor.default\">\n\t\t\t\t<div class=\"elementor-widget-container\">\n\t\t\t\t\t\t\t\t\t Detalles t\u00e9cnicos\n\n<div class=\"technical-table\">\n  <div class=\"technical-row\">\n    <div class=\"technical-label\">Fabricante<\/div>\n    <div class=\"technical-value\">Hunan Joysun New Energy Co., Ltd<\/div>\n  <\/div>\n  <div class=\"technical-row\">\n    <div class=\"technical-label\">Marca<\/div>\n    <div class=\"technical-value\">Karktom<\/div>\n  <\/div>\n  <div class=\"technical-row\">\n    <div class=\"technical-label\">Modelo<\/div>\n    <div class=\"technical-value\">CYD17<\/div>\n  <\/div>\n  <div class=\"technical-row\">\n    <div class=\"technical-label\">Dimensiones del producto<\/div>\n    <div class=\"technical-value\">4,9 x 11 x 21,8 cm; 950 g<\/div>\n  <\/div>\n  <div class=\"technical-row\">\n    <div class=\"technical-label\">Pilas<\/div>\n    <div class=\"technical-value\">Se necesitan 1 pilas de iones de litio (incluidas)<\/div>\n  <\/div>\n  <div class=\"technical-row\">\n    <div class=\"technical-label\">N\u00famero de modelo del art\u00edculo<\/div>\n    <div class=\"technical-value\">CYD17<\/div>\n  <\/div>\n  <div class=\"technical-row\">\n    <div class=\"technical-label\">N\u00famero de pieza del fabricante<\/div>\n    <div class=\"technical-value\">CYD17<\/div>\n  <\/div>\n  <div class=\"technical-row\">\n    <div class=\"technical-label\">Peso del art\u00edculo<\/div>\n    <div class=\"technical-value\">950 g<\/div>\n  <\/div>\n<\/div>\n\n<style>\n.technical-table {\n  width: 100%;\n  border-top: 1px solid #000;\n  font-family: Arial, sans-serif;\n}\n\n.technical-row {\n  display: flex;\n  border-bottom: 1px solid #000;\n  padding: 12px 0;\n}\n\n.technical-label {\n  flex: 1;\n  font-weight: bold;\n  min-width: 200px;\n  padding-right: 20px;\n}\n\n.technical-value {\n  flex: 1;\n  min-width: 200px;\n}\n<\/style>\t\t\t\t\t\t\t\t<\/div>\n\t\t\t\t<\/div>\n\t\t\t\t<\/div>\n\t\t\t\t\t<\/div>\n\t\t\t\t<\/div>\n\t\t<div class=\"elementor-element elementor-element-1df90feb e-flex e-con-boxed e-con e-parent\" data-id=\"1df90feb\" data-element_type=\"container\" data-settings=\"{&quot;ekit_has_onepagescroll_dot&quot;:&quot;yes&quot;}\">\n\t\t\t\t\t<div class=\"e-con-inner\">\n\t\t\t\t<div class=\"elementor-element elementor-element-5e0d8f54 elementor-widget elementor-widget-image\" data-id=\"5e0d8f54\" data-element_type=\"widget\" data-settings=\"{&quot;ekit_we_effect_on&quot;:&quot;none&quot;}\" data-widget_type=\"image.default\">\n\t\t\t\t<div class=\"elementor-widget-container\">\n\t\t\t\t\t\t\t\t\t\t\t\t\t\t\t<img fetchpriority=\"high\" decoding=\"async\" width=\"1464\" height=\"600\" src=\"https:\/\/vastchoice.shop\/wp-content\/uploads\/2026\/02\/6b312d63-27d9-4105-adb7-c5655a97415e.__CR001464600_PT0_SX1464_V1___.jpg\" class=\"attachment-full size-full wp-image-2859 wvs-archive-product-image\" alt=\"\" srcset=\"https:\/\/vastchoice.shop\/wp-content\/uploads\/2026\/02\/6b312d63-27d9-4105-adb7-c5655a97415e.__CR001464600_PT0_SX1464_V1___.jpg 1464w, https:\/\/vastchoice.shop\/wp-content\/uploads\/2026\/02\/6b312d63-27d9-4105-adb7-c5655a97415e.__CR001464600_PT0_SX1464_V1___-300x123.jpg 300w, https:\/\/vastchoice.shop\/wp-content\/uploads\/2026\/02\/6b312d63-27d9-4105-adb7-c5655a97415e.__CR001464600_PT0_SX1464_V1___-1024x420.jpg 1024w, https:\/\/vastchoice.shop\/wp-content\/uploads\/2026\/02\/6b312d63-27d9-4105-adb7-c5655a97415e.__CR001464600_PT0_SX1464_V1___-768x315.jpg 768w, https:\/\/vastchoice.shop\/wp-content\/uploads\/2026\/02\/6b312d63-27d9-4105-adb7-c5655a97415e.__CR001464600_PT0_SX1464_V1___-18x7.jpg 18w, https:\/\/vastchoice.shop\/wp-content\/uploads\/2026\/02\/6b312d63-27d9-4105-adb7-c5655a97415e.__CR001464600_PT0_SX1464_V1___-600x246.jpg 600w\" sizes=\"(max-width: 1464px) 100vw, 1464px\" \/>\t\t\t\t\t\t\t\t\t\t\t\t\t\t\t<\/div>\n\t\t\t\t<\/div>\n\t\t\t\t<div class=\"elementor-element elementor-element-3a8e0de4 elementor-widget elementor-widget-image\" data-id=\"3a8e0de4\" data-element_type=\"widget\" data-settings=\"{&quot;ekit_we_effect_on&quot;:&quot;none&quot;}\" data-widget_type=\"image.default\">\n\t\t\t\t<div class=\"elementor-widget-container\">\n\t\t\t\t\t\t\t\t\t\t\t\t\t\t\t<img decoding=\"async\" width=\"1464\" height=\"600\" src=\"https:\/\/vastchoice.shop\/wp-content\/uploads\/2026\/02\/423c9c82-ca49-491b-9037-7aa899fe8d89.__CR001464600_PT0_SX1464_V1___.jpg\" class=\"attachment-full size-full wp-image-2860 wvs-archive-product-image\" alt=\"\" srcset=\"https:\/\/vastchoice.shop\/wp-content\/uploads\/2026\/02\/423c9c82-ca49-491b-9037-7aa899fe8d89.__CR001464600_PT0_SX1464_V1___.jpg 1464w, https:\/\/vastchoice.shop\/wp-content\/uploads\/2026\/02\/423c9c82-ca49-491b-9037-7aa899fe8d89.__CR001464600_PT0_SX1464_V1___-300x123.jpg 300w, https:\/\/vastchoice.shop\/wp-content\/uploads\/2026\/02\/423c9c82-ca49-491b-9037-7aa899fe8d89.__CR001464600_PT0_SX1464_V1___-1024x420.jpg 1024w, https:\/\/vastchoice.shop\/wp-content\/uploads\/2026\/02\/423c9c82-ca49-491b-9037-7aa899fe8d89.__CR001464600_PT0_SX1464_V1___-768x315.jpg 768w, https:\/\/vastchoice.shop\/wp-content\/uploads\/2026\/02\/423c9c82-ca49-491b-9037-7aa899fe8d89.__CR001464600_PT0_SX1464_V1___-18x7.jpg 18w, https:\/\/vastchoice.shop\/wp-content\/uploads\/2026\/02\/423c9c82-ca49-491b-9037-7aa899fe8d89.__CR001464600_PT0_SX1464_V1___-600x246.jpg 600w\" sizes=\"(max-width: 1464px) 100vw, 1464px\" \/>\t\t\t\t\t\t\t\t\t\t\t\t\t\t\t<\/div>\n\t\t\t\t<\/div>\n\t\t\t\t<div class=\"elementor-element elementor-element-4c691c80 elementor--h-position-center elementor--v-position-middle elementor-arrows-position-inside elementor-pagination-position-inside elementor-widget elementor-widget-slides\" data-id=\"4c691c80\" data-element_type=\"widget\" data-settings=\"{&quot;navigation&quot;:&quot;both&quot;,&quot;autoplay&quot;:&quot;yes&quot;,&quot;pause_on_hover&quot;:&quot;yes&quot;,&quot;pause_on_interaction&quot;:&quot;yes&quot;,&quot;autoplay_speed&quot;:5000,&quot;infinite&quot;:&quot;yes&quot;,&quot;transition&quot;:&quot;slide&quot;,&quot;transition_speed&quot;:500,&quot;ekit_we_effect_on&quot;:&quot;none&quot;}\" data-widget_type=\"slides.default\">\n\t\t\t\t<div class=\"elementor-widget-container\">\n\t\t\t\t\t\t\t\t\t<div class=\"elementor-swiper\">\n\t\t\t\t\t<div class=\"elementor-slides-wrapper elementor-main-swiper swiper\" role=\"region\" aria-roledescription=\"carousel\" aria-label=\"Diapositivas\" dir=\"ltr\" data-animation=\"fadeInUp\">\n\t\t\t\t<div class=\"swiper-wrapper elementor-slides\">\n\t\t\t\t\t\t\t\t\t\t<div class=\"elementor-repeater-item-1f80225 swiper-slide\" role=\"group\" aria-roledescription=\"slide\"><div class=\"swiper-slide-bg\" role=\"img\"><\/div><div class=\"swiper-slide-inner\" ><div class=\"swiper-slide-contents\"><div class=\"elementor-slide-heading\">Coche<\/div><\/div><\/div><\/div><div class=\"elementor-repeater-item-4534474 swiper-slide\" role=\"group\" aria-roledescription=\"slide\"><div class=\"swiper-slide-bg\" role=\"img\"><\/div><div class=\"swiper-slide-inner\" ><div class=\"swiper-slide-contents\"><div class=\"elementor-slide-heading\">Motocicleta<\/div><\/div><\/div><\/div><div class=\"elementor-repeater-item-b3fba4e swiper-slide\" role=\"group\" aria-roledescription=\"slide\"><div class=\"swiper-slide-bg\" role=\"img\"><\/div><div class=\"swiper-slide-inner\" ><div class=\"swiper-slide-contents\"><div class=\"elementor-slide-heading\">Voleibol<\/div><\/div><\/div><\/div>\t\t\t\t<\/div>\n\t\t\t\t\t\t\t\t\t\t\t\t\t\t\t<div class=\"elementor-swiper-button elementor-swiper-button-prev\" role=\"button\" tabindex=\"0\" aria-label=\"Diapositiva anterior\">\n\t\t\t\t\t\t\t<svg aria-hidden=\"true\" class=\"e-font-icon-svg e-eicon-chevron-left\" viewbox=\"0 0 1000 1000\" xmlns=\"http:\/\/www.w3.org\/2000\/svg\"><path d=\"M646 125C629 125 613 133 604 142L308 442C296 454 292 471 292 487 292 504 296 521 308 533L604 854C617 867 629 875 646 875 663 875 679 871 692 858 704 846 713 829 713 812 713 796 708 779 692 767L438 487 692 225C700 217 708 204 708 187 708 171 704 154 692 142 675 129 663 125 646 125Z\"><\/path><\/svg>\t\t\t\t\t\t<\/div>\n\t\t\t\t\t\t<div class=\"elementor-swiper-button elementor-swiper-button-next\" role=\"button\" tabindex=\"0\" aria-label=\"Siguiente diapositiva\">\n\t\t\t\t\t\t\t<svg aria-hidden=\"true\" class=\"e-font-icon-svg e-eicon-chevron-right\" viewbox=\"0 0 1000 1000\" xmlns=\"http:\/\/www.w3.org\/2000\/svg\"><path d=\"M696 533C708 521 713 504 713 487 713 471 708 454 696 446L400 146C388 133 375 125 354 125 338 125 325 129 313 142 300 154 292 171 292 187 292 204 296 221 308 233L563 492 304 771C292 783 288 800 288 817 288 833 296 850 308 863 321 871 338 875 354 875 371 875 388 867 400 854L696 533Z\"><\/path><\/svg>\t\t\t\t\t\t<\/div>\n\t\t\t\t\t\t\t\t\t\t\t\t\t\t\t\t<div class=\"swiper-pagination\"><\/div>\n\t\t\t\t\t\t\t\t\t\t\t\t<\/div>\n\t\t\t\t<\/div>\n\t\t\t\t\t\t\t\t<\/div>\n\t\t\t\t<\/div>\n\t\t\t\t<div class=\"elementor-element elementor-element-53308569 elementor--h-position-center elementor--v-position-middle elementor-arrows-position-inside elementor-pagination-position-inside elementor-widget elementor-widget-slides\" data-id=\"53308569\" data-element_type=\"widget\" data-settings=\"{&quot;navigation&quot;:&quot;both&quot;,&quot;autoplay&quot;:&quot;yes&quot;,&quot;pause_on_hover&quot;:&quot;yes&quot;,&quot;pause_on_interaction&quot;:&quot;yes&quot;,&quot;autoplay_speed&quot;:5000,&quot;infinite&quot;:&quot;yes&quot;,&quot;transition&quot;:&quot;slide&quot;,&quot;transition_speed&quot;:500,&quot;ekit_we_effect_on&quot;:&quot;none&quot;}\" data-widget_type=\"slides.default\">\n\t\t\t\t<div class=\"elementor-widget-container\">\n\t\t\t\t\t\t\t\t\t<div class=\"elementor-swiper\">\n\t\t\t\t\t<div class=\"elementor-slides-wrapper elementor-main-swiper swiper\" role=\"region\" aria-roledescription=\"carousel\" aria-label=\"Diapositivas\" dir=\"ltr\" data-animation=\"fadeInUp\">\n\t\t\t\t<div class=\"swiper-wrapper elementor-slides\">\n\t\t\t\t\t\t\t\t\t\t<div class=\"elementor-repeater-item-2870c41 swiper-slide\" role=\"group\" aria-roledescription=\"slide\"><div class=\"swiper-slide-bg\" role=\"img\"><\/div><div class=\"swiper-slide-inner\" ><div class=\"swiper-slide-contents\"><div class=\"elementor-slide-heading\">Cargador port\u00e1til<\/div><\/div><\/div><\/div><div class=\"elementor-repeater-item-1d03b92 swiper-slide\" role=\"group\" aria-roledescription=\"slide\"><div class=\"swiper-slide-bg\" role=\"img\"><\/div><div class=\"swiper-slide-inner\" ><div class=\"swiper-slide-contents\"><div class=\"elementor-slide-heading\">Luz de 3 LED<\/div><\/div><\/div><\/div><div class=\"elementor-repeater-item-b23aef9 swiper-slide\" role=\"group\" aria-roledescription=\"slide\"><div class=\"swiper-slide-bg\" role=\"img\"><\/div><div class=\"swiper-slide-inner\" ><div class=\"swiper-slide-contents\"><div class=\"elementor-slide-heading\">El regalo perfecto<\/div><\/div><\/div><\/div>\t\t\t\t<\/div>\n\t\t\t\t\t\t\t\t\t\t\t\t\t\t\t<div class=\"elementor-swiper-button elementor-swiper-button-prev\" role=\"button\" tabindex=\"0\" aria-label=\"Diapositiva anterior\">\n\t\t\t\t\t\t\t<svg aria-hidden=\"true\" class=\"e-font-icon-svg e-eicon-chevron-left\" viewbox=\"0 0 1000 1000\" xmlns=\"http:\/\/www.w3.org\/2000\/svg\"><path d=\"M646 125C629 125 613 133 604 142L308 442C296 454 292 471 292 487 292 504 296 521 308 533L604 854C617 867 629 875 646 875 663 875 679 871 692 858 704 846 713 829 713 812 713 796 708 779 692 767L438 487 692 225C700 217 708 204 708 187 708 171 704 154 692 142 675 129 663 125 646 125Z\"><\/path><\/svg>\t\t\t\t\t\t<\/div>\n\t\t\t\t\t\t<div class=\"elementor-swiper-button elementor-swiper-button-next\" role=\"button\" tabindex=\"0\" aria-label=\"Siguiente diapositiva\">\n\t\t\t\t\t\t\t<svg aria-hidden=\"true\" class=\"e-font-icon-svg e-eicon-chevron-right\" viewbox=\"0 0 1000 1000\" xmlns=\"http:\/\/www.w3.org\/2000\/svg\"><path d=\"M696 533C708 521 713 504 713 487 713 471 708 454 696 446L400 146C388 133 375 125 354 125 338 125 325 129 313 142 300 154 292 171 292 187 292 204 296 221 308 233L563 492 304 771C292 783 288 800 288 817 288 833 296 850 308 863 321 871 338 875 354 875 371 875 388 867 400 854L696 533Z\"><\/path><\/svg>\t\t\t\t\t\t<\/div>\n\t\t\t\t\t\t\t\t\t\t\t\t\t\t\t\t<div class=\"swiper-pagination\"><\/div>\n\t\t\t\t\t\t\t\t\t\t\t\t<\/div>\n\t\t\t\t<\/div>\n\t\t\t\t\t\t\t\t<\/div>\n\t\t\t\t<\/div>\n\t\t\t\t<div class=\"elementor-element elementor-element-4cf4c291 elementor-widget elementor-widget-image\" data-id=\"4cf4c291\" data-element_type=\"widget\" data-settings=\"{&quot;ekit_we_effect_on&quot;:&quot;none&quot;}\" data-widget_type=\"image.default\">\n\t\t\t\t<div class=\"elementor-widget-container\">\n\t\t\t\t\t\t\t\t\t\t\t\t\t\t\t<img decoding=\"async\" width=\"1464\" height=\"600\" src=\"https:\/\/vastchoice.shop\/wp-content\/uploads\/2026\/02\/53c7c938-5471-4b77-b913-9dc5b1e4d90d.__CR001464600_PT0_SX1464_V1___.jpg\" class=\"attachment-full size-full wp-image-2867 wvs-archive-product-image\" alt=\"\" srcset=\"https:\/\/vastchoice.shop\/wp-content\/uploads\/2026\/02\/53c7c938-5471-4b77-b913-9dc5b1e4d90d.__CR001464600_PT0_SX1464_V1___.jpg 1464w, https:\/\/vastchoice.shop\/wp-content\/uploads\/2026\/02\/53c7c938-5471-4b77-b913-9dc5b1e4d90d.__CR001464600_PT0_SX1464_V1___-300x123.jpg 300w, https:\/\/vastchoice.shop\/wp-content\/uploads\/2026\/02\/53c7c938-5471-4b77-b913-9dc5b1e4d90d.__CR001464600_PT0_SX1464_V1___-1024x420.jpg 1024w, https:\/\/vastchoice.shop\/wp-content\/uploads\/2026\/02\/53c7c938-5471-4b77-b913-9dc5b1e4d90d.__CR001464600_PT0_SX1464_V1___-768x315.jpg 768w, https:\/\/vastchoice.shop\/wp-content\/uploads\/2026\/02\/53c7c938-5471-4b77-b913-9dc5b1e4d90d.__CR001464600_PT0_SX1464_V1___-18x7.jpg 18w, https:\/\/vastchoice.shop\/wp-content\/uploads\/2026\/02\/53c7c938-5471-4b77-b913-9dc5b1e4d90d.__CR001464600_PT0_SX1464_V1___-600x246.jpg 600w\" sizes=\"(max-width: 1464px) 100vw, 1464px\" \/>\t\t\t\t\t\t\t\t\t\t\t\t\t\t\t<\/div>\n\t\t\t\t<\/div>\n\t\t\t\t<div class=\"elementor-element elementor-element-4c65ea7a elementor-widget elementor-widget-image\" data-id=\"4c65ea7a\" data-element_type=\"widget\" data-settings=\"{&quot;ekit_we_effect_on&quot;:&quot;none&quot;}\" data-widget_type=\"image.default\">\n\t\t\t\t<div class=\"elementor-widget-container\">\n\t\t\t\t\t\t\t\t\t\t\t\t\t\t\t<img loading=\"lazy\" decoding=\"async\" width=\"1464\" height=\"600\" src=\"https:\/\/vastchoice.shop\/wp-content\/uploads\/2026\/02\/c990f67c-bb17-4ae2-b313-2b41af0a294b.__CR001464600_PT0_SX1464_V1___.jpg\" class=\"attachment-full size-full wp-image-2868 wvs-archive-product-image\" alt=\"\" srcset=\"https:\/\/vastchoice.shop\/wp-content\/uploads\/2026\/02\/c990f67c-bb17-4ae2-b313-2b41af0a294b.__CR001464600_PT0_SX1464_V1___.jpg 1464w, https:\/\/vastchoice.shop\/wp-content\/uploads\/2026\/02\/c990f67c-bb17-4ae2-b313-2b41af0a294b.__CR001464600_PT0_SX1464_V1___-300x123.jpg 300w, https:\/\/vastchoice.shop\/wp-content\/uploads\/2026\/02\/c990f67c-bb17-4ae2-b313-2b41af0a294b.__CR001464600_PT0_SX1464_V1___-1024x420.jpg 1024w, https:\/\/vastchoice.shop\/wp-content\/uploads\/2026\/02\/c990f67c-bb17-4ae2-b313-2b41af0a294b.__CR001464600_PT0_SX1464_V1___-768x315.jpg 768w, https:\/\/vastchoice.shop\/wp-content\/uploads\/2026\/02\/c990f67c-bb17-4ae2-b313-2b41af0a294b.__CR001464600_PT0_SX1464_V1___-18x7.jpg 18w, https:\/\/vastchoice.shop\/wp-content\/uploads\/2026\/02\/c990f67c-bb17-4ae2-b313-2b41af0a294b.__CR001464600_PT0_SX1464_V1___-600x246.jpg 600w\" sizes=\"(max-width: 1464px) 100vw, 1464px\" \/>\t\t\t\t\t\t\t\t\t\t\t\t\t\t\t<\/div>\n\t\t\t\t<\/div>\n\t\t\t\t<div class=\"elementor-element elementor-element-2a295f2e elementor-widget elementor-widget-image\" data-id=\"2a295f2e\" data-element_type=\"widget\" data-settings=\"{&quot;ekit_we_effect_on&quot;:&quot;none&quot;}\" data-widget_type=\"image.default\">\n\t\t\t\t<div class=\"elementor-widget-container\">\n\t\t\t\t\t\t\t\t\t\t\t\t\t\t\t<img loading=\"lazy\" decoding=\"async\" width=\"1464\" height=\"600\" src=\"https:\/\/vastchoice.shop\/wp-content\/uploads\/2026\/02\/b059adc5-71a2-41ae-abbb-e659162f7b9b.__CR001464600_PT0_SX1464_V1___.jpg\" class=\"attachment-full size-full wp-image-2869 wvs-archive-product-image\" alt=\"\" srcset=\"https:\/\/vastchoice.shop\/wp-content\/uploads\/2026\/02\/b059adc5-71a2-41ae-abbb-e659162f7b9b.__CR001464600_PT0_SX1464_V1___.jpg 1464w, https:\/\/vastchoice.shop\/wp-content\/uploads\/2026\/02\/b059adc5-71a2-41ae-abbb-e659162f7b9b.__CR001464600_PT0_SX1464_V1___-300x123.jpg 300w, https:\/\/vastchoice.shop\/wp-content\/uploads\/2026\/02\/b059adc5-71a2-41ae-abbb-e659162f7b9b.__CR001464600_PT0_SX1464_V1___-1024x420.jpg 1024w, https:\/\/vastchoice.shop\/wp-content\/uploads\/2026\/02\/b059adc5-71a2-41ae-abbb-e659162f7b9b.__CR001464600_PT0_SX1464_V1___-768x315.jpg 768w, https:\/\/vastchoice.shop\/wp-content\/uploads\/2026\/02\/b059adc5-71a2-41ae-abbb-e659162f7b9b.__CR001464600_PT0_SX1464_V1___-18x7.jpg 18w, https:\/\/vastchoice.shop\/wp-content\/uploads\/2026\/02\/b059adc5-71a2-41ae-abbb-e659162f7b9b.__CR001464600_PT0_SX1464_V1___-600x246.jpg 600w\" sizes=\"(max-width: 1464px) 100vw, 1464px\" \/>\t\t\t\t\t\t\t\t\t\t\t\t\t\t\t<\/div>\n\t\t\t\t<\/div>\n\t\t\t\t\t<\/div>\n\t\t\t\t<\/div>\n\t\t\t\t<\/div>","protected":false},"excerpt":{"rendered":"<p>https:\/\/vastchoice.shop\/wp-content\/plugins\/elementor\/assets\/images\/placeholder.png Technical Details Manufacturer Hunan Joysun New Energy Co., Ltd Brand Karktom Model CYD17 Product Dimensions 4.9 x 11 x 21.8 cm; 950 g Batteries 1 Lithium Ion batteries required. (included) Item model number CYD17 Manufacturer part number CYD17 Item Weight 950 g CarMotorcycleVolleyball Portable Charger3 LED LightPerfect Gift<\/p>","protected":false},"featured_media":2848,"comment_status":"open","ping_status":"closed","template":"","meta":{"_acf_changed":false},"product_brand":[],"product_cat":[60],"product_tag":[],"class_list":{"0":"post-2845","1":"product","2":"type-product","3":"status-publish","4":"has-post-thumbnail","6":"product_cat-chen","8":"first","9":"instock","10":"sale","11":"shipping-taxable","12":"purchasable","13":"product-type-variable","14":"wvs-archive-product-wrapper"},"acf":[],"_links":{"self":[{"href":"https:\/\/vastchoice.shop\/es\/wp-json\/wp\/v2\/product\/2845","targetHints":{"allow":["GET"]}}],"collection":[{"href":"https:\/\/vastchoice.shop\/es\/wp-json\/wp\/v2\/product"}],"about":[{"href":"https:\/\/vastchoice.shop\/es\/wp-json\/wp\/v2\/types\/product"}],"replies":[{"embeddable":true,"href":"https:\/\/vastchoice.shop\/es\/wp-json\/wp\/v2\/comments?post=2845"}],"version-history":[{"count":0,"href":"https:\/\/vastchoice.shop\/es\/wp-json\/wp\/v2\/product\/2845\/revisions"}],"wp:featuredmedia":[{"embeddable":true,"href":"https:\/\/vastchoice.shop\/es\/wp-json\/wp\/v2\/media\/2848"}],"wp:attachment":[{"href":"https:\/\/vastchoice.shop\/es\/wp-json\/wp\/v2\/media?parent=2845"}],"wp:term":[{"taxonomy":"product_brand","embeddable":true,"href":"https:\/\/vastchoice.shop\/es\/wp-json\/wp\/v2\/product_brand?post=2845"},{"taxonomy":"product_cat","embeddable":true,"href":"https:\/\/vastchoice.shop\/es\/wp-json\/wp\/v2\/product_cat?post=2845"},{"taxonomy":"product_tag","embeddable":true,"href":"https:\/\/vastchoice.shop\/es\/wp-json\/wp\/v2\/product_tag?post=2845"}],"curies":[{"name":"wp","href":"https:\/\/api.w.org\/{rel}","templated":true}]}}