{"id":2794,"date":"2026-01-24T02:35:53","date_gmt":"2026-01-24T02:35:53","guid":{"rendered":"https:\/\/vastchoice.shop\/?post_type=product&#038;p=2794"},"modified":"2026-02-10T23:32:59","modified_gmt":"2026-02-10T23:32:59","slug":"fregador-electrico-rotativo-recargable-con-bateria-de-1800mah-cepillo-de-limpieza-ipx7-para-bano-cocina-y-suelos-regalos-de-navidad","status":"publish","type":"product","link":"https:\/\/vastchoice.shop\/es\/producto\/fregador-electrico-rotativo-recargable-con-bateria-de-1800mah-cepillo-de-limpieza-ipx7-para-bano-cocina-y-suelos-regalos-de-navidad\/","title":{"rendered":"Fregador El\u00e9ctrico Rotativo Recargable con Bater\u00eda de 1800mAh - Cepillo de Limpieza IPX7 para Ba\u00f1o, Cocina y Suelos Regalos de Navidad"},"content":{"rendered":"<p><img fetchpriority=\"high\" decoding=\"async\" class=\"aligncenter\" src=\"https:\/\/vastchoice.shop\/wp-content\/uploads\/2026\/01\/1-57-1024x420.jpg\" sizes=\"(max-width: 800px) 100vw, 800px\" srcset=\"https:\/\/vastchoice.shop\/wp-content\/uploads\/2026\/01\/1-57-1024x420.jpg 1024w, https:\/\/vastchoice.shop\/wp-content\/uploads\/2026\/01\/1-57-300x123.jpg 300w, https:\/\/vastchoice.shop\/wp-content\/uploads\/2026\/01\/1-57-768x315.jpg 768w, https:\/\/vastchoice.shop\/wp-content\/uploads\/2026\/01\/1-57-600x246.jpg 600w, https:\/\/vastchoice.shop\/wp-content\/uploads\/2026\/01\/1-57.jpg 1464w\" alt=\"\" width=\"800\" height=\"328\" \/><br \/>\n<img decoding=\"async\" class=\"aligncenter\" src=\"https:\/\/vastchoice.shop\/wp-content\/uploads\/2026\/01\/3-56-1024x420.jpg\" sizes=\"(max-width: 800px) 100vw, 800px\" srcset=\"https:\/\/vastchoice.shop\/wp-content\/uploads\/2026\/01\/3-56-1024x420.jpg 1024w, https:\/\/vastchoice.shop\/wp-content\/uploads\/2026\/01\/3-56-300x123.jpg 300w, https:\/\/vastchoice.shop\/wp-content\/uploads\/2026\/01\/3-56-768x315.jpg 768w, https:\/\/vastchoice.shop\/wp-content\/uploads\/2026\/01\/3-56-600x246.jpg 600w, https:\/\/vastchoice.shop\/wp-content\/uploads\/2026\/01\/3-56.jpg 1464w\" alt=\"\" width=\"800\" height=\"328\" \/><br \/>\n<img decoding=\"async\" class=\"aligncenter\" src=\"https:\/\/vastchoice.shop\/wp-content\/uploads\/2026\/01\/2-63-1024x420.jpg\" sizes=\"(max-width: 800px) 100vw, 800px\" srcset=\"https:\/\/vastchoice.shop\/wp-content\/uploads\/2026\/01\/2-63-1024x420.jpg 1024w, https:\/\/vastchoice.shop\/wp-content\/uploads\/2026\/01\/2-63-300x123.jpg 300w, https:\/\/vastchoice.shop\/wp-content\/uploads\/2026\/01\/2-63-768x315.jpg 768w, https:\/\/vastchoice.shop\/wp-content\/uploads\/2026\/01\/2-63-600x246.jpg 600w, https:\/\/vastchoice.shop\/wp-content\/uploads\/2026\/01\/2-63.jpg 1464w\" alt=\"\" width=\"800\" height=\"328\" \/><\/p>\n<ul>\n<li>\u3010Power-Packed Cleaning Performance\u3011\uff1aCon un motor robusto con dos modos de velocidad ajustables-500 r\/min para alta velocidad y 350 r\/min para baja velocidad-esta fregadora el\u00e9ctrica hace frente a la suciedad, la mugre y las manchas dif\u00edciles en cuesti\u00f3n de minutos. Puede limpiar f\u00e1cilmente toda la casa con esta fregadora giratoria el\u00e9ctrica. Cuando se utiliza con un producto de limpieza, puede limpiar r\u00e1pidamente las manchas dif\u00edciles y hacer que el suelo de baldosas parezca nuevo.<\/li>\n<li>\u3010V\u00e1stago de extensi\u00f3n desmontable y ajustable\u3011\uff1aNuestra fregadora viene con una extensi\u00f3n de mango de dos etapas que se extiende hasta 126cm\/49,6 pulgadas, y un cabezal de cepillo plegable multi\u00e1ngulo dise\u00f1ado para limpiar esos lugares dif\u00edciles de alcanzar. D\u00edgale adi\u00f3s a las arduas tareas de fregado. Disfrute de la m\u00e1xima flexibilidad, ahorre tiempo y esfuerzo, y complete sus tareas de limpieza sin esfuerzo.<\/li>\n<li>\u30108-en-1 Limpiador Multifuncional\u3011\uff1a\u00a1Satisfaga todas sus necesidades de limpieza con nuestro juego de cepillos de limpieza! Las herramientas de limpieza incluye 8 cabezas de cepillo intercambiables, adecuados para la limpieza de ba\u00f1o, ba\u00f1era, ducha, encimera, estufa, fregadero, vidrio, banco de cocina, azulejos, ba\u00f1era y as\u00ed sucesivamente.<\/li>\n<\/ul>","protected":false},"excerpt":{"rendered":"<p>\u3010Power-Packed Cleaning Performance\u3011\uff1aFeaturing a robust motor with two adjustable speed modes\u2014500 r\/min for high-speed and 350 r\/min for low-speed\u2014this electric spin scrubber tackles dirt, grime, and stubborn stains in minutes. You can easily clean your entire house with using this Electric Spin Scrubber. When used with a cleaning agent, it can quickly clean stubborn stains [&hellip;]<\/p>","protected":false},"featured_media":2795,"comment_status":"open","ping_status":"closed","template":"","meta":{"_acf_changed":false},"product_brand":[],"product_cat":[41],"product_tag":[],"class_list":{"0":"post-2794","1":"product","2":"type-product","3":"status-publish","4":"has-post-thumbnail","6":"product_cat-home-living","8":"first","9":"instock","10":"sale","11":"shipping-taxable","12":"purchasable","13":"product-type-simple"},"acf":[],"_links":{"self":[{"href":"https:\/\/vastchoice.shop\/es\/wp-json\/wp\/v2\/product\/2794","targetHints":{"allow":["GET"]}}],"collection":[{"href":"https:\/\/vastchoice.shop\/es\/wp-json\/wp\/v2\/product"}],"about":[{"href":"https:\/\/vastchoice.shop\/es\/wp-json\/wp\/v2\/types\/product"}],"replies":[{"embeddable":true,"href":"https:\/\/vastchoice.shop\/es\/wp-json\/wp\/v2\/comments?post=2794"}],"version-history":[{"count":0,"href":"https:\/\/vastchoice.shop\/es\/wp-json\/wp\/v2\/product\/2794\/revisions"}],"wp:featuredmedia":[{"embeddable":true,"href":"https:\/\/vastchoice.shop\/es\/wp-json\/wp\/v2\/media\/2795"}],"wp:attachment":[{"href":"https:\/\/vastchoice.shop\/es\/wp-json\/wp\/v2\/media?parent=2794"}],"wp:term":[{"taxonomy":"product_brand","embeddable":true,"href":"https:\/\/vastchoice.shop\/es\/wp-json\/wp\/v2\/product_brand?post=2794"},{"taxonomy":"product_cat","embeddable":true,"href":"https:\/\/vastchoice.shop\/es\/wp-json\/wp\/v2\/product_cat?post=2794"},{"taxonomy":"product_tag","embeddable":true,"href":"https:\/\/vastchoice.shop\/es\/wp-json\/wp\/v2\/product_tag?post=2794"}],"curies":[{"name":"wp","href":"https:\/\/api.w.org\/{rel}","templated":true}]}}