{"id":2750,"date":"2026-01-19T05:41:16","date_gmt":"2026-01-19T05:41:16","guid":{"rendered":"https:\/\/vastchoice.shop\/?post_type=product&#038;p=2750"},"modified":"2026-01-19T05:49:46","modified_gmt":"2026-01-19T05:49:46","slug":"foldable-screen-student-camera-1-count-retro-ccd-card-machine-entry-level-digital-camera-1080p-high-built-in-games-filter-functions-camera-mini","status":"publish","type":"product","link":"https:\/\/vastchoice.shop\/es\/producto\/foldable-screen-student-camera-1-count-retro-ccd-card-machine-entry-level-digital-camera-1080p-high-built-in-games-filter-functions-camera-mini\/","title":{"rendered":"Pantalla Plegable Estudiante C\u00e1mara, 1 Cuenta Retro CCD Tarjeta de la m\u00e1quina, de nivel de entrada de la c\u00e1mara digital, 1080P de alta incorporado en los juegos y funciones de filtro de la c\u00e1mara, Mini"},"content":{"rendered":"<p><img fetchpriority=\"high\" decoding=\"async\" class=\"aligncenter\" src=\"https:\/\/vastchoice.shop\/wp-content\/uploads\/2026\/01\/1-41.png\" sizes=\"(max-width: 800px) 100vw, 800px\" srcset=\"https:\/\/vastchoice.shop\/wp-content\/uploads\/2026\/01\/1-41.png 800w, https:\/\/vastchoice.shop\/wp-content\/uploads\/2026\/01\/1-41-300x300_1.png 300w, https:\/\/vastchoice.shop\/wp-content\/uploads\/2026\/01\/1-41-150x150_1.png 150w, https:\/\/vastchoice.shop\/wp-content\/uploads\/2026\/01\/1-41-768x768_1.png 768w, https:\/\/vastchoice.shop\/wp-content\/uploads\/2026\/01\/1-41-600x600_1.png 600w, https:\/\/vastchoice.shop\/wp-content\/uploads\/2026\/01\/1-41-100x100_1.png 100w, https:\/\/vastchoice.shop\/wp-content\/uploads\/2026\/01\/1-41-50x50_1.png 50w\" alt=\"\" width=\"800\" height=\"800\" \/><br \/>\n<img decoding=\"async\" class=\"aligncenter\" src=\"https:\/\/vastchoice.shop\/wp-content\/uploads\/2026\/01\/2-46.png\" sizes=\"(max-width: 800px) 100vw, 800px\" srcset=\"https:\/\/vastchoice.shop\/wp-content\/uploads\/2026\/01\/2-46.png 800w, https:\/\/vastchoice.shop\/wp-content\/uploads\/2026\/01\/2-46-300x300_1.png 300w, https:\/\/vastchoice.shop\/wp-content\/uploads\/2026\/01\/2-46-150x150_1.png 150w, https:\/\/vastchoice.shop\/wp-content\/uploads\/2026\/01\/2-46-768x768_1.png 768w, https:\/\/vastchoice.shop\/wp-content\/uploads\/2026\/01\/2-46-600x600_1.png 600w, https:\/\/vastchoice.shop\/wp-content\/uploads\/2026\/01\/2-46-100x100_1.png 100w, https:\/\/vastchoice.shop\/wp-content\/uploads\/2026\/01\/2-46-50x50_1.png 50w\" alt=\"\" width=\"800\" height=\"800\" \/><br \/>\n<img decoding=\"async\" class=\"aligncenter\" src=\"https:\/\/vastchoice.shop\/wp-content\/uploads\/2026\/01\/3-41.png\" sizes=\"(max-width: 800px) 100vw, 800px\" srcset=\"https:\/\/vastchoice.shop\/wp-content\/uploads\/2026\/01\/3-41.png 800w, https:\/\/vastchoice.shop\/wp-content\/uploads\/2026\/01\/3-41-300x300_1.png 300w, https:\/\/vastchoice.shop\/wp-content\/uploads\/2026\/01\/3-41-150x150_1.png 150w, https:\/\/vastchoice.shop\/wp-content\/uploads\/2026\/01\/3-41-768x768_1.png 768w, https:\/\/vastchoice.shop\/wp-content\/uploads\/2026\/01\/3-41-600x600_1.png 600w, https:\/\/vastchoice.shop\/wp-content\/uploads\/2026\/01\/3-41-100x100_1.png 100w, https:\/\/vastchoice.shop\/wp-content\/uploads\/2026\/01\/3-41-50x50_1.png 50w\" alt=\"\" width=\"800\" height=\"800\" \/><br \/>\n<img loading=\"lazy\" decoding=\"async\" class=\"aligncenter\" src=\"https:\/\/vastchoice.shop\/wp-content\/uploads\/2026\/01\/4-39.png\" sizes=\"(max-width: 800px) 100vw, 800px\" srcset=\"https:\/\/vastchoice.shop\/wp-content\/uploads\/2026\/01\/4-39.png 800w, https:\/\/vastchoice.shop\/wp-content\/uploads\/2026\/01\/4-39-300x300_1.png 300w, https:\/\/vastchoice.shop\/wp-content\/uploads\/2026\/01\/4-39-150x150_1.png 150w, https:\/\/vastchoice.shop\/wp-content\/uploads\/2026\/01\/4-39-768x768_1.png 768w, https:\/\/vastchoice.shop\/wp-content\/uploads\/2026\/01\/4-39-600x600_1.png 600w, https:\/\/vastchoice.shop\/wp-content\/uploads\/2026\/01\/4-39-100x100_1.png 100w, https:\/\/vastchoice.shop\/wp-content\/uploads\/2026\/01\/4-39-50x50_1.png 50w\" alt=\"\" width=\"800\" height=\"800\" \/><\/p>\n<ul>\n<li>Innovative Dual-Lens Camera for Brilliant Selfies: Snap stunning selfies with ease! This 4K dual-lens digital camera comes with front and rear lenses, letting you switch to selfie mode in a jiffy\u2014ideal for selfies, vlogs, and more<\/li>\n<li>Autofocus Compact Digital Camera: Enjoy fuss-free photography with this straightforward point-and-shoot camera. The autofocus ensures your subjects stay perfectly in focus, making it dead easy to capture detailed shots<\/li>\n<li>Digital Camera for Kids Teen Students Beginner: With simple, intuitive controls, it\u2019s a doddle for kids, teens, and beginners to use on their own\u2014no faffing about required!Compact and portable, it\u2019s spot-on for student , beginners, and budding creators<\/li>\n<li>Camera with 32GB SD Card: You will get a small camera x1, 32GB SD card x1, USB data cable x1, lanyard x1, card reader x1, sticker x1 and instruction manual x1. Pocket size, lightweight and portable, easy to carry<\/li>\n<\/ul>","protected":false},"excerpt":{"rendered":"<p>Innovative Dual-Lens Camera for Brilliant Selfies: Snap stunning selfies with ease! This 4K dual-lens digital camera comes with front and rear lenses, letting you switch to selfie mode in a jiffy\u2014ideal for selfies, vlogs, and more Autofocus Compact Digital Camera: Enjoy fuss-free photography with this straightforward point-and-shoot camera. The autofocus ensures your subjects stay perfectly [&hellip;]<\/p>","protected":false},"featured_media":2753,"comment_status":"open","ping_status":"closed","template":"","meta":{"_acf_changed":false},"product_brand":[],"product_cat":[41],"product_tag":[],"class_list":{"0":"post-2750","1":"product","2":"type-product","3":"status-publish","4":"has-post-thumbnail","6":"product_cat-home-living","8":"first","9":"instock","10":"sale","11":"shipping-taxable","12":"purchasable","13":"product-type-variable","14":"has-default-attributes","15":"wvs-archive-product-wrapper"},"acf":[],"_links":{"self":[{"href":"https:\/\/vastchoice.shop\/es\/wp-json\/wp\/v2\/product\/2750","targetHints":{"allow":["GET"]}}],"collection":[{"href":"https:\/\/vastchoice.shop\/es\/wp-json\/wp\/v2\/product"}],"about":[{"href":"https:\/\/vastchoice.shop\/es\/wp-json\/wp\/v2\/types\/product"}],"replies":[{"embeddable":true,"href":"https:\/\/vastchoice.shop\/es\/wp-json\/wp\/v2\/comments?post=2750"}],"version-history":[{"count":0,"href":"https:\/\/vastchoice.shop\/es\/wp-json\/wp\/v2\/product\/2750\/revisions"}],"wp:featuredmedia":[{"embeddable":true,"href":"https:\/\/vastchoice.shop\/es\/wp-json\/wp\/v2\/media\/2753"}],"wp:attachment":[{"href":"https:\/\/vastchoice.shop\/es\/wp-json\/wp\/v2\/media?parent=2750"}],"wp:term":[{"taxonomy":"product_brand","embeddable":true,"href":"https:\/\/vastchoice.shop\/es\/wp-json\/wp\/v2\/product_brand?post=2750"},{"taxonomy":"product_cat","embeddable":true,"href":"https:\/\/vastchoice.shop\/es\/wp-json\/wp\/v2\/product_cat?post=2750"},{"taxonomy":"product_tag","embeddable":true,"href":"https:\/\/vastchoice.shop\/es\/wp-json\/wp\/v2\/product_tag?post=2750"}],"curies":[{"name":"wp","href":"https:\/\/api.w.org\/{rel}","templated":true}]}}