{"id":2608,"date":"2025-12-24T03:30:45","date_gmt":"2025-12-24T03:30:45","guid":{"rendered":"https:\/\/vastchoice.shop\/?post_type=product&#038;p=2608"},"modified":"2025-12-24T03:40:31","modified_gmt":"2025-12-24T03:40:31","slug":"baliza-v16-conectada-a-dgt-3-0-luz-emergencia-con-led-indicador-homologado-por-dgt-ventosa-sujecion-aluminio-cristal","status":"publish","type":"product","link":"https:\/\/vastchoice.shop\/es\/producto\/baliza-v16-conectada-a-dgt-3-0-luz-emergencia-con-led-indicador-homologado-por-dgt-ventosa-sujecion-aluminio-cristal\/","title":{"rendered":"Baliza V16 | Conectada a DGT 3.0 | Luz Emergencia con Led indicador Homologado por DGT | Ventosa sujecion Aluminio\/Cristal."},"content":{"rendered":"<p><img fetchpriority=\"high\" decoding=\"async\" class=\"aligncenter\" src=\"https:\/\/vastchoice.shop\/wp-content\/uploads\/2025\/12\/61aL8VtH9bL._AC_SL1000_-1.jpg\" sizes=\"(max-width: 800px) 100vw, 800px\" srcset=\"https:\/\/vastchoice.shop\/wp-content\/uploads\/2025\/12\/61aL8VtH9bL._AC_SL1000_-1.jpg 1000w, https:\/\/vastchoice.shop\/wp-content\/uploads\/2025\/12\/61aL8VtH9bL._AC_SL1000_-1-300x300_1.jpg 300w, https:\/\/vastchoice.shop\/wp-content\/uploads\/2025\/12\/61aL8VtH9bL._AC_SL1000_-1-150x150_1.jpg 150w, https:\/\/vastchoice.shop\/wp-content\/uploads\/2025\/12\/61aL8VtH9bL._AC_SL1000_-1-768x768_1.jpg 768w, https:\/\/vastchoice.shop\/wp-content\/uploads\/2025\/12\/61aL8VtH9bL._AC_SL1000_-1-600x600_1.jpg 600w, https:\/\/vastchoice.shop\/wp-content\/uploads\/2025\/12\/61aL8VtH9bL._AC_SL1000_-1-100x100_1.jpg 100w, https:\/\/vastchoice.shop\/wp-content\/uploads\/2025\/12\/61aL8VtH9bL._AC_SL1000_-1-50x50_1.jpg 50w\" alt=\"\" width=\"800\" height=\"800\" \/><br \/>\n<img decoding=\"async\" class=\"aligncenter\" src=\"https:\/\/vastchoice.shop\/wp-content\/uploads\/2025\/12\/616Eqyp0EJL._AC_SL1000_-1.jpg\" sizes=\"(max-width: 800px) 100vw, 800px\" srcset=\"https:\/\/vastchoice.shop\/wp-content\/uploads\/2025\/12\/616Eqyp0EJL._AC_SL1000_-1.jpg 1000w, https:\/\/vastchoice.shop\/wp-content\/uploads\/2025\/12\/616Eqyp0EJL._AC_SL1000_-1-300x300_1.jpg 300w, https:\/\/vastchoice.shop\/wp-content\/uploads\/2025\/12\/616Eqyp0EJL._AC_SL1000_-1-150x150_1.jpg 150w, https:\/\/vastchoice.shop\/wp-content\/uploads\/2025\/12\/616Eqyp0EJL._AC_SL1000_-1-768x768_1.jpg 768w, https:\/\/vastchoice.shop\/wp-content\/uploads\/2025\/12\/616Eqyp0EJL._AC_SL1000_-1-600x600_1.jpg 600w, https:\/\/vastchoice.shop\/wp-content\/uploads\/2025\/12\/616Eqyp0EJL._AC_SL1000_-1-100x100_1.jpg 100w, https:\/\/vastchoice.shop\/wp-content\/uploads\/2025\/12\/616Eqyp0EJL._AC_SL1000_-1-50x50_1.jpg 50w\" alt=\"\" width=\"800\" height=\"800\" \/><br \/>\n<img decoding=\"async\" class=\"aligncenter\" src=\"https:\/\/vastchoice.shop\/wp-content\/uploads\/2025\/12\/71u-SU1504L._AC_SL1000_-1.jpg\" sizes=\"(max-width: 800px) 100vw, 800px\" srcset=\"https:\/\/vastchoice.shop\/wp-content\/uploads\/2025\/12\/71u-SU1504L._AC_SL1000_-1.jpg 840w, https:\/\/vastchoice.shop\/wp-content\/uploads\/2025\/12\/71u-SU1504L._AC_SL1000_-1-274x300_1.jpg 274w, https:\/\/vastchoice.shop\/wp-content\/uploads\/2025\/12\/71u-SU1504L._AC_SL1000_-1-768x840_1.jpg 768w, https:\/\/vastchoice.shop\/wp-content\/uploads\/2025\/12\/71u-SU1504L._AC_SL1000_-1-600x656_1.jpg 600w\" alt=\"\" width=\"800\" height=\"875\" \/><br \/>\n<img loading=\"lazy\" decoding=\"async\" class=\"aligncenter\" src=\"https:\/\/vastchoice.shop\/wp-content\/uploads\/2025\/12\/71o2gi5JPtL._AC_SL1000_-1.jpg\" sizes=\"(max-width: 800px) 100vw, 800px\" srcset=\"https:\/\/vastchoice.shop\/wp-content\/uploads\/2025\/12\/71o2gi5JPtL._AC_SL1000_-1.jpg 1000w, https:\/\/vastchoice.shop\/wp-content\/uploads\/2025\/12\/71o2gi5JPtL._AC_SL1000_-1-300x300_1.jpg 300w, https:\/\/vastchoice.shop\/wp-content\/uploads\/2025\/12\/71o2gi5JPtL._AC_SL1000_-1-150x150_1.jpg 150w, https:\/\/vastchoice.shop\/wp-content\/uploads\/2025\/12\/71o2gi5JPtL._AC_SL1000_-1-768x768_1.jpg 768w, https:\/\/vastchoice.shop\/wp-content\/uploads\/2025\/12\/71o2gi5JPtL._AC_SL1000_-1-600x600_1.jpg 600w, https:\/\/vastchoice.shop\/wp-content\/uploads\/2025\/12\/71o2gi5JPtL._AC_SL1000_-1-100x100_1.jpg 100w, https:\/\/vastchoice.shop\/wp-content\/uploads\/2025\/12\/71o2gi5JPtL._AC_SL1000_-1-50x50_1.jpg 50w\" alt=\"\" width=\"800\" height=\"800\" \/><br \/>\n<img loading=\"lazy\" decoding=\"async\" class=\"aligncenter\" src=\"https:\/\/vastchoice.shop\/wp-content\/uploads\/2025\/12\/61WbDXKr9L._AC_SL1000_-1.jpg\" sizes=\"(max-width: 800px) 100vw, 800px\" srcset=\"https:\/\/vastchoice.shop\/wp-content\/uploads\/2025\/12\/61WbDXKr9L._AC_SL1000_-1.jpg 1000w, https:\/\/vastchoice.shop\/wp-content\/uploads\/2025\/12\/61WbDXKr9L._AC_SL1000_-1-300x297_1.jpg 300w, https:\/\/vastchoice.shop\/wp-content\/uploads\/2025\/12\/61WbDXKr9L._AC_SL1000_-1-768x760_1.jpg 768w, https:\/\/vastchoice.shop\/wp-content\/uploads\/2025\/12\/61WbDXKr9L._AC_SL1000_-1-600x593_1.jpg 600w, https:\/\/vastchoice.shop\/wp-content\/uploads\/2025\/12\/61WbDXKr9L._AC_SL1000_-1-100x100_1.jpg 100w, https:\/\/vastchoice.shop\/wp-content\/uploads\/2025\/12\/61WbDXKr9L._AC_SL1000_-1-50x50_1.jpg 50w\" alt=\"\" width=\"800\" height=\"791\" \/><\/p>\n<ul>\n<li>\u2705La Baliza V16 | 2\u00aa GENERACION con Geolocalizaci\u00f3n DGT 3.0 con Luz indicacion. \u2705Esta luz V16 con Geolocalizador integrado env\u00eda tu posici\u00f3n en tiempo real a la DGT, asegurando que puedas ser localizado de manera r\u00e1pida y eficiente | Emite una luz visible a m\u00e1s de 1 km en 360\u00b0 | Resistencia al viento | IP54 resistencia al agua.<\/li>\n<li>\u2705Aprobada y Homologada por la DGT: &lt;strong&gt;Certificado (IDIADA PC25060215)&lt;\/strong&gt; \u2705La Baliza V16 con geolocalizaci&oacute;n ser&aacute; el &uacute;nico dispositivo legal de prese&ntilde;alizaci&oacute;n de peligro. Reemplaza a los tri&aacute;ngulos de emergencia cumpliendo con las regulaciones de seguridad vial exigidas por la DGT actuales y las que ser&aacute;n obligatorias a partir del 1 de enero 2026.<\/li>\n<li>\u2705Indicador LED: Para verificar que el dispositivo esta conectado y operativo.\u2705Cuando La Luz Azul parpadea significa que esta buscando se\u00f1al. Cuando se pone Fija significa Conexion IoT y GPS exitosa. Tambien se podra verificar si el dispositivo esta conectado mediante INSPIDE.<\/li>\n<li>\u2705Material Incluida: 1 pilas (9V) | Ventosa para coches\/motos de aluminio\/cristal.<\/li>\n<li>\u2705Datos eSIM PAGADOSs: Incluye un plan de datos Pagado de ORANGE con m\u00e1s de 12 a\u00f1os de validez hasta 2038. eSIM incorporada con Conectividad a la red V16-IoT con ORANGE . sin suscripciones ni costes adicionales. Su tarjeta de datos virtual es completamente an\u00f3nima, solo para avisar la incidencia sin referencias personales.<\/li>\n<\/ul>","protected":false},"excerpt":{"rendered":"<p>\u200b\u2705La Baliza V16 | 2\u00aa GENERACION con Geolocalizaci\u00f3n DGT 3.0 con Luz indicacion. \u200b\u2705Esta luz V16 con Geolocalizador integrado env\u00eda tu posici\u00f3n en tiempo real a la DGT, asegurando que puedas ser localizado de manera r\u00e1pida y eficiente | Emite una luz visible a m\u00e1s de 1 km en 360\u00b0 | Resistencia al viento | [&hellip;]<\/p>","protected":false},"featured_media":2609,"comment_status":"open","ping_status":"closed","template":"","meta":{"_acf_changed":false},"product_brand":[],"product_cat":[41],"product_tag":[],"class_list":{"0":"post-2608","1":"product","2":"type-product","3":"status-publish","4":"has-post-thumbnail","6":"product_cat-home-living","8":"first","9":"instock","10":"sale","11":"shipping-taxable","12":"purchasable","13":"product-type-simple"},"acf":[],"_links":{"self":[{"href":"https:\/\/vastchoice.shop\/es\/wp-json\/wp\/v2\/product\/2608","targetHints":{"allow":["GET"]}}],"collection":[{"href":"https:\/\/vastchoice.shop\/es\/wp-json\/wp\/v2\/product"}],"about":[{"href":"https:\/\/vastchoice.shop\/es\/wp-json\/wp\/v2\/types\/product"}],"replies":[{"embeddable":true,"href":"https:\/\/vastchoice.shop\/es\/wp-json\/wp\/v2\/comments?post=2608"}],"version-history":[{"count":0,"href":"https:\/\/vastchoice.shop\/es\/wp-json\/wp\/v2\/product\/2608\/revisions"}],"wp:featuredmedia":[{"embeddable":true,"href":"https:\/\/vastchoice.shop\/es\/wp-json\/wp\/v2\/media\/2609"}],"wp:attachment":[{"href":"https:\/\/vastchoice.shop\/es\/wp-json\/wp\/v2\/media?parent=2608"}],"wp:term":[{"taxonomy":"product_brand","embeddable":true,"href":"https:\/\/vastchoice.shop\/es\/wp-json\/wp\/v2\/product_brand?post=2608"},{"taxonomy":"product_cat","embeddable":true,"href":"https:\/\/vastchoice.shop\/es\/wp-json\/wp\/v2\/product_cat?post=2608"},{"taxonomy":"product_tag","embeddable":true,"href":"https:\/\/vastchoice.shop\/es\/wp-json\/wp\/v2\/product_tag?post=2608"}],"curies":[{"name":"wp","href":"https:\/\/api.w.org\/{rel}","templated":true}]}}